{"id":58,"date":"2025-05-20T17:57:20","date_gmt":"2025-05-20T17:57:20","guid":{"rendered":"https:\/\/debattle.ai\/?page_id=58"},"modified":"2025-05-21T12:22:03","modified_gmt":"2025-05-21T12:22:03","slug":"contact-us","status":"publish","type":"page","link":"https:\/\/debattle.ai\/hr\/contact-us\/","title":{"rendered":"KONTAKTIRAJTE NAS"},"content":{"rendered":"<section class=\"vc_section_wrapper\"><div class=\"wpb_row  row-fluid\" ><div class=\"wpb_column vc_column_container vc_col-sm-12\"><div class=\"vc_column-inner\"><div class=\"wpb_wrapper\">\n\t<div class=\"wpb_text_column wpb_content_element\" >\n\t\t<div class=\"wpb_wrapper\">\n\t\t\t<h1><span style=\"color: #ff9900;\">Imate li prijedlog? Kompliment? Ili samo \u017eelite podijeliti svoje mi\u0161ljenje?<\/span><\/h1>\n\n\t\t<\/div>\n\t<\/div>\n\n\t<div class=\"wpb_text_column wpb_content_element\" >\n\t\t<div class=\"wpb_wrapper\">\n\t\t\t<h3 class=\"translation-block\">Voljeli bismo \u010duti va\u0161e mi\u0161ljenje! Bez obzira imate li sjajnu ideju za sljede\u0107u temu debate, povratne informacije o tome kako mo\u017eemo u\u010diniti <strong data-start=\"275\" data-end=\"287\">Debattle<\/strong> jo\u0161 zabavnijom ili jednostavno \u017eelite virtualno dati peticu, javite se!<\/h3>\n<h3 class=\"translation-block\">Obe\u0107avamo da \u0107emo pro\u010ditati va\u0161u poruku i vjerojatno vam virtualno zapljeskati.<br data-start=\"436\" data-end=\"439\">Zato se ne sramite \u2013 javite nam \u0161to vam je na umu.<\/h3>\n<h2><span style=\"color: #ff9900;\">Uostalom, ova igra se vrti oko razgovora, kreativnosti i povezanosti!<\/span><\/h2>\n\n\t\t<\/div>\n\t<\/div>\n<div class=\"vc_empty_space\"   style=\"height: 32px\"><span class=\"vc_empty_space_inner\"><\/span><\/div>\n\t<div class=\"wpb_text_column wpb_content_element\" >\n\t\t<div class=\"wpb_wrapper\">\n\t\t\t<h2 style=\"text-align: center;\"><span style=\"color: #00ccff;\">debattle.ai (at) gmail.com<\/span><\/h2>\n\n\t\t<\/div>\n\t<\/div>\n<div class=\"vc_empty_space\"   style=\"height: 32px\"><span class=\"vc_empty_space_inner\"><\/span><\/div><\/div><\/div><\/div><\/div><\/section>","protected":false},"excerpt":{"rendered":"Got a Suggestion? A Compliment? Or Just Want to Share Your Thoughts? We\u2019d love to hear from you! Whether you\u2019ve got a brilliant idea for the next debate topic, some feedback on how we can make Debattle even more fun, or you just want to send a virtual high five, reach out! We promise we\u2019ll read your message and probably give you a virtual applause.So, don\u2019t be shy \u2013 let us know what\u2019s on your mind. After all, this game is all about conversation, creativity, and connection! debattle.ai (at) gmail.com","protected":false},"author":1,"featured_media":0,"parent":0,"menu_order":0,"comment_status":"closed","ping_status":"closed","template":"","meta":{"_monsterinsights_skip_tracking":false,"_monsterinsights_sitenote_active":false,"_monsterinsights_sitenote_note":"","_monsterinsights_sitenote_category":0,"footnotes":""},"class_list":["post-58","page","type-page","status-publish","hentry"],"_links":{"self":[{"href":"https:\/\/debattle.ai\/hr\/wp-json\/wp\/v2\/pages\/58","targetHints":{"allow":["GET"]}}],"collection":[{"href":"https:\/\/debattle.ai\/hr\/wp-json\/wp\/v2\/pages"}],"about":[{"href":"https:\/\/debattle.ai\/hr\/wp-json\/wp\/v2\/types\/page"}],"author":[{"embeddable":true,"href":"https:\/\/debattle.ai\/hr\/wp-json\/wp\/v2\/users\/1"}],"replies":[{"embeddable":true,"href":"https:\/\/debattle.ai\/hr\/wp-json\/wp\/v2\/comments?post=58"}],"version-history":[{"count":4,"href":"https:\/\/debattle.ai\/hr\/wp-json\/wp\/v2\/pages\/58\/revisions"}],"predecessor-version":[{"id":81,"href":"https:\/\/debattle.ai\/hr\/wp-json\/wp\/v2\/pages\/58\/revisions\/81"}],"wp:attachment":[{"href":"https:\/\/debattle.ai\/hr\/wp-json\/wp\/v2\/media?parent=58"}],"curies":[{"name":"wp","href":"https:\/\/api.w.org\/{rel}","templated":true}]}}