{"id":29,"date":"2025-05-20T16:46:52","date_gmt":"2025-05-20T16:46:52","guid":{"rendered":"https:\/\/debattle.ai\/?page_id=29"},"modified":"2025-06-18T20:00:13","modified_gmt":"2025-06-18T20:00:13","slug":"debattle-ai-play-game","status":"publish","type":"page","link":"https:\/\/debattle.ai\/hr\/debattle-ai-play-game\/","title":{"rendered":"Debattle.ai &#8211; Play game"},"content":{"rendered":"<section class=\"vc_section_wrapper\"><div class=\"wpb_row  row-fluid\" ><div class=\"wpb_column vc_column_container vc_col-sm-12\"><div class=\"vc_column-inner\"><div class=\"wpb_wrapper\">\n\t<div class=\"wpb_text_column wpb_content_element\" >\n\t\t<div class=\"wpb_wrapper\">\n\t\t\t<h1><span style=\"color: #ff9900;\"><strong>Odaberite svoju verziju<\/strong><\/span><\/h1>\n\n\t\t<\/div>\n\t<\/div>\n<div class=\"vc_empty_space\"   style=\"height: 10px\"><span class=\"vc_empty_space_inner\"><\/span><\/div>\n\t<div class=\"wpb_text_column wpb_content_element\" >\n\t\t<div class=\"wpb_wrapper\">\n\t\t\t<h3 class=\"translation-block\"><strong data-start=\"151\" data-end=\"163\">Debattle<\/strong> dolazi u tri uzbudljive verzije, svaka dizajnirana za razli\u010dite dobne skupine i stilove igre. Bilo da ste malo dijete koje tek po\u010dinje istra\u017eivati \u200b\u200bsvijet debate, tinejd\u017eer koji tra\u017ei zabavan izazov ili odrasla osoba koja u\u017eiva u slo\u017eenijoj igri, postoji verzija za vas. Svaka verzija sadr\u017ei pitanja prilago\u0111ena dobnoj skupini, osiguravaju\u0107i da su debate uvijek zabavne i zanimljive. A u verziji za <strong data-start=\"565\" data-end=\"575\">odrasle<\/strong> prona\u0107i \u0107ete i neka pitanja koja su jednako razigrana kao i ona u verziji za <strong data-start=\"658\" data-end=\"670\">malu djecu<\/strong> \u2013 jer lijepo je ostati dijete u srcu!<\/h3>\n\n\t\t<\/div>\n\t<\/div>\n<div class=\"vc_empty_space\"   style=\"height: 20px\"><span class=\"vc_empty_space_inner\"><\/span><\/div><\/div><\/div><\/div><\/div><\/section><section class=\"vc_section_wrapper has_bg_color\"><div class=\"bg-layer\" style=\"background-color: #101010 ;\" data-inertia=\"0.2\" ><\/div><div class=\"wpb_row  vc_custom_1747829147107 row-fluid\"style=\"background: none !important; background-image: none !important; background-color: inherit !important;\" ><div class=\"wpb_column vc_column_container vc_col-sm-12\"><div class=\"vc_column-inner\"><div class=\"wpb_wrapper\"><div class=\"vc_empty_space\"   style=\"height: 32px\"><span class=\"vc_empty_space_inner\"><\/span><\/div><\/div><\/div><\/div><\/div><\/section><section class=\"vc_section_wrapper has_bg_color\"><div class=\"bg-layer\" style=\"background-color: #101010 ;\" data-inertia=\"0.2\" ><\/div><div class=\"wpb_row  vc_custom_1747829179689 row-fluid\"style=\"background: none !important; background-image: none !important; background-color: inherit !important;\" ><div class=\"wpb_column vc_column_container vc_col-sm-3\"><div class=\"vc_column-inner\"><div class=\"wpb_wrapper\">\n\t<div  class=\"wpb_single_image wpb_content_element vc_align_center\">\n\t\t\n\t\t<figure class=\"wpb_wrapper vc_figure\">\n\t\t\t<div class=\"vc_single_image-wrapper   vc_box_border_grey\"><img loading=\"lazy\" decoding=\"async\" width=\"1314\" height=\"1314\" src=\"https:\/\/debattle.ai\/wp-content\/uploads\/2025\/05\/game-adults.png\" class=\"vc_single_image-img attachment-full\" alt=\"\" title=\"game-adults\" srcset=\"https:\/\/debattle.ai\/wp-content\/uploads\/2025\/05\/game-adults.png 1314w, https:\/\/debattle.ai\/wp-content\/uploads\/2025\/05\/game-adults-300x300.png 300w, https:\/\/debattle.ai\/wp-content\/uploads\/2025\/05\/game-adults-1024x1024.png 1024w, https:\/\/debattle.ai\/wp-content\/uploads\/2025\/05\/game-adults-150x150.png 150w, https:\/\/debattle.ai\/wp-content\/uploads\/2025\/05\/game-adults-768x768.png 768w, https:\/\/debattle.ai\/wp-content\/uploads\/2025\/05\/game-adults-1200x1200.png 1200w\" sizes=\"auto, (max-width: 1314px) 100vw, 1314px\" \/><\/div>\n\t\t<\/figure>\n\t<\/div>\n<div class=\"vc_empty_space\"   style=\"height: 10px\"><span class=\"vc_empty_space_inner\"><\/span><\/div><\/div><\/div><\/div><div class=\"wpb_column vc_column_container vc_col-sm-9\"><div class=\"vc_column-inner\"><div class=\"wpb_wrapper\">\n\t<div class=\"wpb_text_column wpb_content_element\" >\n\t\t<div class=\"wpb_wrapper\">\n\t\t\t<h2 style=\"text-align: center;\" data-start=\"1281\" data-end=\"1495\"><span style=\"color: #ff9900;\">Odrasli (Mudri debatanti)<\/span><\/h2>\n\n\t\t<\/div>\n\t<\/div>\n\n\t<div class=\"wpb_text_column wpb_content_element\" >\n\t\t<div class=\"wpb_wrapper\">\n\t\t\t<h3 data-start=\"1281\" data-end=\"1495\" class=\"translation-block\">Za one koji su spremni uhvatiti se u ko\u0161tac s ozbiljnim i duhovitim debatama! <strong data-start=\"160\" data-end=\"183\">Debattle for Adults<\/strong> donosi slo\u017eenije argumente i br\u017ee runde, a sve to omogu\u0107uje igra\u010dima da se suo\u010de na zabavan i kompetitivan na\u010din. Iako pitanja mogu biti izazovnija, odr\u017eali smo razigrani duh \u2013 s nekim pitanjima koja \u0107e probuditi dijete u vama, jer lijepo je ostati dijete u srcu.<\/h3>\n<ul data-start=\"1496\" data-end=\"1678\">\n<li class=\"\" data-start=\"1496\" data-end=\"1548\">\n<h3 data-start=\"1498\" data-end=\"1548\" class=\"translation-block\"><strong data-start=\"1498\" data-end=\"1517\">Mjera\u010d vremena od 30 sekundi<\/strong> \u2013 brze debate s visokim ulozima!<\/h3>\n<\/li>\n<li class=\"\" data-start=\"1549\" data-end=\"1602\">\n<h3 data-start=\"1551\" data-end=\"1602\" class=\"translation-block\"><strong data-start=\"1551\" data-end=\"1574\">Glasanje umjetne inteligencije ili igra\u010da<\/strong> \u2013 pobje\u0111uje najbolji argument!<\/h3>\n<\/li>\n<li class=\"\" data-start=\"1603\" data-end=\"1678\">\n<h3 data-start=\"1605\" data-end=\"1678\">Savr\u0161eno za odrasle koji \u017eele mentalni izazov uz dobru zabavu!<\/h3>\n<\/li>\n<\/ul>\n\n\t\t<\/div>\n\t<\/div>\n<div class=\"vc_btn3-container vc_btn3-center\" ><a class=\"vc_general vc_btn3 vc_btn3-size-lg vc_btn3-shape-rounded vc_btn3-style-modern vc_btn3-block vc_btn3-color-warning\" href=\"http:\/\/debattle.ai\/hr\/game\/?cat=adults\" title=\"\">IGRAJ VERZIJU ZA ODRASLE<\/a><\/div><\/div><\/div><\/div><\/div><\/section><section class=\"vc_section_wrapper has_bg_color\"><div class=\"bg-layer\" style=\"background-color: #adadad ;\" data-inertia=\"0.2\" ><\/div><div class=\"wpb_row  vc_custom_1750276777238 row-fluid\"style=\"background: none !important; background-image: none !important; background-color: inherit !important;\" ><div class=\"wpb_column vc_column_container vc_col-sm-12\"><div class=\"vc_column-inner\"><div class=\"wpb_wrapper\"><div class=\"vc_empty_space\"   style=\"height: 32px\"><span class=\"vc_empty_space_inner\"><\/span><\/div><\/div><\/div><\/div><\/div><\/section><section class=\"vc_section_wrapper has_bg_color\"><div class=\"bg-layer\" style=\"background-color: #101010 ;\" data-inertia=\"0.2\" ><\/div><div class=\"wpb_row  vc_custom_1747829179689 row-fluid\"style=\"background: none !important; background-image: none !important; background-color: inherit !important;\" ><div class=\"wpb_column vc_column_container vc_col-sm-3\"><div class=\"vc_column-inner\"><div class=\"wpb_wrapper\">\n\t<div  class=\"wpb_single_image wpb_content_element vc_align_center\">\n\t\t\n\t\t<figure class=\"wpb_wrapper vc_figure\">\n\t\t\t<div class=\"vc_single_image-wrapper   vc_box_border_grey\"><img loading=\"lazy\" decoding=\"async\" width=\"1314\" height=\"1314\" src=\"https:\/\/debattle.ai\/wp-content\/uploads\/2025\/05\/game-teens.png\" class=\"vc_single_image-img attachment-full\" alt=\"\" title=\"game-teens\" srcset=\"https:\/\/debattle.ai\/wp-content\/uploads\/2025\/05\/game-teens.png 1314w, https:\/\/debattle.ai\/wp-content\/uploads\/2025\/05\/game-teens-300x300.png 300w, https:\/\/debattle.ai\/wp-content\/uploads\/2025\/05\/game-teens-1024x1024.png 1024w, https:\/\/debattle.ai\/wp-content\/uploads\/2025\/05\/game-teens-150x150.png 150w, https:\/\/debattle.ai\/wp-content\/uploads\/2025\/05\/game-teens-768x768.png 768w, https:\/\/debattle.ai\/wp-content\/uploads\/2025\/05\/game-teens-1200x1200.png 1200w\" sizes=\"auto, (max-width: 1314px) 100vw, 1314px\" \/><\/div>\n\t\t<\/figure>\n\t<\/div>\n<\/div><\/div><\/div><div class=\"wpb_column vc_column_container vc_col-sm-9\"><div class=\"vc_column-inner\"><div class=\"wpb_wrapper\">\n\t<div class=\"wpb_text_column wpb_content_element\" >\n\t\t<div class=\"wpb_wrapper\">\n\t\t\t<h2 style=\"text-align: center;\" data-start=\"1281\" data-end=\"1495\"><span style=\"color: #ff9900;\">Tinejd\u017eeri (Mladi debatanti)<\/span><\/h2>\n\n\t\t<\/div>\n\t<\/div>\n\n\t<div class=\"wpb_text_column wpb_content_element\" >\n\t\t<div class=\"wpb_wrapper\">\n\t\t\t<h3 data-start=\"745\" data-end=\"1018\" class=\"translation-block\"><strong data-start=\"85\" data-end=\"107\">Debattle za tinejd\u017eere<\/strong> nudi izazovnije iskustvo, s izborom izme\u0111u procjene umjetne inteligencije ili glasanja igra\u010da na kraju svake runde. Tinejd\u017eeri mogu testirati svoje vje\u0161tine debatiranja, kriti\u010dki razmi\u0161ljati i braniti svoja mi\u0161ljenja o uzbudljivim i relevantnim temama. Ova verzija poti\u010de igra\u010de da izo\u0161tre svoje argumente, brzo donose odluke i potkrijepe svoje tvrdnje jakim obrazlo\u017eenjem. To je odli\u010dan na\u010din za tinejd\u017eere da se uklju\u010de u ozbiljne debate, a istovremeno odr\u017ee zabavu i kreativnost \u017eivima.<\/h3>\n<ul data-start=\"1019\" data-end=\"1237\">\n<li class=\"\" data-start=\"1019\" data-end=\"1079\">\n<h3 data-start=\"1021\" data-end=\"1079\" class=\"translation-block\"><strong data-start=\"1021\" data-end=\"1040\">30-sekundni tajmer<\/strong> \u2013 brzo razmi\u0161ljanje i brza zabava!<\/h3>\n<\/li>\n<li class=\"\" data-start=\"1080\" data-end=\"1144\">\n<h3 data-start=\"1082\" data-end=\"1144\" class=\"translation-block\"><strong data-start=\"1082\" data-end=\"1105\">Glasanje umjetne inteligencije ili igra\u010da<\/strong> \u2013 odlu\u010dite tko je iznio najbolji argument!<\/h3>\n<\/li>\n<li class=\"\" data-start=\"1145\" data-end=\"1237\">\n<h3 data-start=\"1147\" data-end=\"1237\">Izvrsna kombinacija izazova i zabave, savr\u0161ena za mlade debatante koji \u017eele pomicati svoje granice.<\/h3>\n<\/li>\n<\/ul>\n\n\t\t<\/div>\n\t<\/div>\n<div class=\"vc_btn3-container vc_btn3-center\" ><a class=\"vc_general vc_btn3 vc_btn3-size-lg vc_btn3-shape-rounded vc_btn3-style-modern vc_btn3-block vc_btn3-color-warning\" href=\"http:\/\/debattle.ai\/hr\/game\/?cat=teens\" title=\"\">IGRAJ VERZIJU ZA TINEJD\u017dERE<\/a><\/div><\/div><\/div><\/div><\/div><\/section><section class=\"vc_section_wrapper has_bg_color\"><div class=\"bg-layer\" style=\"background-color: #adadad ;\" data-inertia=\"0.2\" ><\/div><div class=\"wpb_row  vc_custom_1750276777238 row-fluid\"style=\"background: none !important; background-image: none !important; background-color: inherit !important;\" ><div class=\"wpb_column vc_column_container vc_col-sm-12\"><div class=\"vc_column-inner\"><div class=\"wpb_wrapper\"><div class=\"vc_empty_space\"   style=\"height: 32px\"><span class=\"vc_empty_space_inner\"><\/span><\/div><\/div><\/div><\/div><\/div><\/section><section class=\"vc_section_wrapper has_bg_color\"><div class=\"bg-layer\" style=\"background-color: #101010 ;\" data-inertia=\"0.2\" ><\/div><div class=\"wpb_row  vc_custom_1747829179689 row-fluid\"style=\"background: none !important; background-image: none !important; background-color: inherit !important;\" ><div class=\"wpb_column vc_column_container vc_col-sm-3\"><div class=\"vc_column-inner\"><div class=\"wpb_wrapper\">\n\t<div  class=\"wpb_single_image wpb_content_element vc_align_center\">\n\t\t\n\t\t<figure class=\"wpb_wrapper vc_figure\">\n\t\t\t<div class=\"vc_single_image-wrapper   vc_box_border_grey\"><img loading=\"lazy\" decoding=\"async\" width=\"1314\" height=\"1314\" src=\"https:\/\/debattle.ai\/wp-content\/uploads\/2025\/05\/game-toddlers.png\" class=\"vc_single_image-img attachment-full\" alt=\"\" title=\"game-toddlers\" srcset=\"https:\/\/debattle.ai\/wp-content\/uploads\/2025\/05\/game-toddlers.png 1314w, https:\/\/debattle.ai\/wp-content\/uploads\/2025\/05\/game-toddlers-300x300.png 300w, https:\/\/debattle.ai\/wp-content\/uploads\/2025\/05\/game-toddlers-1024x1024.png 1024w, https:\/\/debattle.ai\/wp-content\/uploads\/2025\/05\/game-toddlers-150x150.png 150w, https:\/\/debattle.ai\/wp-content\/uploads\/2025\/05\/game-toddlers-768x768.png 768w, https:\/\/debattle.ai\/wp-content\/uploads\/2025\/05\/game-toddlers-1200x1200.png 1200w\" sizes=\"auto, (max-width: 1314px) 100vw, 1314px\" \/><\/div>\n\t\t<\/figure>\n\t<\/div>\n<\/div><\/div><\/div><div class=\"wpb_column vc_column_container vc_col-sm-9\"><div class=\"vc_column-inner\"><div class=\"wpb_wrapper\">\n\t<div class=\"wpb_text_column wpb_content_element\" >\n\t\t<div class=\"wpb_wrapper\">\n\t\t\t<h2 style=\"text-align: center;\" data-start=\"1281\" data-end=\"1495\"><span style=\"color: #ff9900;\">Mala djeca (mali debatanti)<\/span><\/h2>\n\n\t\t<\/div>\n\t<\/div>\n\n\t<div class=\"wpb_text_column wpb_content_element\" >\n\t\t<div class=\"wpb_wrapper\">\n\t\t\t<h3 data-start=\"171\" data-end=\"496\" class=\"translation-block\">Savr\u0161eno za mali\u0161ane! <strong data-start=\"200\" data-end=\"225\">Debattle za malu djecu<\/strong> osmi\u0161ljen je da bude zabavan i ma\u0161tovit, omogu\u0107uju\u0107i djeci da kreativno razmi\u0161ljaju i izra\u017eavaju se bez pritiska vremenskih ograni\u010denja ili odluka umjetne inteligencije. Idealan za pred\u0161kolce i mla\u0111u djecu, sve se vrti oko razigranih debata i glupih rasprava koje \u0107e sve nasmijati.<\/h3>\n<ul data-start=\"497\" data-end=\"920\">\n<li class=\"\" data-start=\"497\" data-end=\"555\">\n<h3 data-start=\"499\" data-end=\"555\" class=\"translation-block\"><strong data-start=\"499\" data-end=\"516\">Nema vremenskog ograni\u010denja<\/strong> \u2013 odvojite vrijeme za razmi\u0161ljanje i govor!<\/h3>\n<\/li>\n<li class=\"\" data-start=\"556\" data-end=\"629\">\n<h3 data-start=\"558\" data-end=\"629\" class=\"translation-block\"><strong data-start=\"558\" data-end=\"576\">Bez osu\u0111ivanja od strane umjetne inteligencije<\/strong> \u2013 zabava dolazi od glasanja igra\u010da na kraju!<\/h3>\n<\/li>\n<li class=\"\" data-start=\"630\" data-end=\"821\">\n<h3 data-start=\"632\" data-end=\"821\" class=\"translation-block\"><strong data-start=\"632\" data-end=\"656\">Zahtijeva moderatora<\/strong> \u2013 igru \u200b\u200bje najbolje igrati s moderatorom, poput odgojitelja u vrti\u0107u, koji \u0107e voditi razgovor i osigurati da ostane zabavan i zanimljiv.<\/h3>\n<\/li>\n<li class=\"\" data-start=\"822\" data-end=\"920\">\n<h3 data-start=\"824\" data-end=\"920\">Savr\u0161eno za malu djecu da istra\u017ee svoju ma\u0161tu na najsigurniji i najzabavniji mogu\u0107i na\u010din!<\/h3>\n<\/li>\n<\/ul>\n\n\t\t<\/div>\n\t<\/div>\n<div class=\"vc_btn3-container vc_btn3-center\" ><a class=\"vc_general vc_btn3 vc_btn3-size-lg vc_btn3-shape-rounded vc_btn3-style-modern vc_btn3-block vc_btn3-color-warning\" href=\"http:\/\/debattle.ai\/hr\/game\/?cat=toddlers\" title=\"\">VERZIJA ZA MALU DJECU<\/a><\/div><\/div><\/div><\/div><\/div><\/section><section class=\"vc_section_wrapper has_bg_color\"><div class=\"bg-layer\" style=\"background-color: #101010 ;\" data-inertia=\"0.2\" ><\/div><div class=\"wpb_row  vc_custom_1747829147107 row-fluid\"style=\"background: none !important; background-image: none !important; background-color: inherit !important;\" ><div class=\"wpb_column vc_column_container vc_col-sm-12\"><div class=\"vc_column-inner\"><div class=\"wpb_wrapper\"><div class=\"vc_empty_space\"   style=\"height: 32px\"><span class=\"vc_empty_space_inner\"><\/span><\/div><\/div><\/div><\/div><\/div><\/section>","protected":false},"excerpt":{"rendered":"Choose Your Version Debattle comes in three exciting versions, each designed to suit different age groups and play styles. Whether you're a young child just starting to explore the world of debate, a teen looking for a fun challenge, or an adult who enjoys a more complex game, there\u2019s a version for you. Each version features questions tailored to the age group, ensuring that the debates are always fun and engaging. And in the Adults version, you'll also find some questions that are just as playful as those in the Toddlers version \u2013 because it\u2019s nice to stay a kid at heart! Grown ups (The Wise Debaters) For those who are ready to tackle serious and humorous debates alike! Debattle for Adults brings more complex arguments and quicker rounds, all while allowing players to face off in a fun and competitive way. Even though the questions may be more challenging, we\u2019ve kept the playful spirit alive \u2013 with some questions that bring out the child in you, because it\u2019s nice to remain a kid at heart. 30-second timer \u2013 fast, high-stakes debates! AI or player voting \u2013 the best argument wins! Perfect for adults who want a mental challenge while having a lot of fun! PLAY GROWN UPS VERSION Teens (Young Debaters) Debattle for Teens offers a more challenging experience, with a choice between AI judgment or player voting at the end of each round. Teens can test their debating skills, think critically, and defend their opinions on exciting and [...]","protected":false},"author":1,"featured_media":0,"parent":0,"menu_order":0,"comment_status":"closed","ping_status":"closed","template":"","meta":{"_monsterinsights_skip_tracking":false,"_monsterinsights_sitenote_active":false,"_monsterinsights_sitenote_note":"","_monsterinsights_sitenote_category":0,"footnotes":""},"class_list":["post-29","page","type-page","status-publish","hentry"],"_links":{"self":[{"href":"https:\/\/debattle.ai\/hr\/wp-json\/wp\/v2\/pages\/29","targetHints":{"allow":["GET"]}}],"collection":[{"href":"https:\/\/debattle.ai\/hr\/wp-json\/wp\/v2\/pages"}],"about":[{"href":"https:\/\/debattle.ai\/hr\/wp-json\/wp\/v2\/types\/page"}],"author":[{"embeddable":true,"href":"https:\/\/debattle.ai\/hr\/wp-json\/wp\/v2\/users\/1"}],"replies":[{"embeddable":true,"href":"https:\/\/debattle.ai\/hr\/wp-json\/wp\/v2\/comments?post=29"}],"version-history":[{"count":14,"href":"https:\/\/debattle.ai\/hr\/wp-json\/wp\/v2\/pages\/29\/revisions"}],"predecessor-version":[{"id":141,"href":"https:\/\/debattle.ai\/hr\/wp-json\/wp\/v2\/pages\/29\/revisions\/141"}],"wp:attachment":[{"href":"https:\/\/debattle.ai\/hr\/wp-json\/wp\/v2\/media?parent=29"}],"curies":[{"name":"wp","href":"https:\/\/api.w.org\/{rel}","templated":true}]}}