{"id":44,"date":"2025-05-20T17:37:11","date_gmt":"2025-05-20T17:37:11","guid":{"rendered":"https:\/\/debattle.ai\/?page_id=44"},"modified":"2025-05-30T06:36:01","modified_gmt":"2025-05-30T06:36:01","slug":"game-rules","status":"publish","type":"page","link":"http:\/\/debattle.ai\/hr\/game-rules\/","title":{"rendered":"PRAVILA IGRE"},"content":{"rendered":"<section class=\"vc_section_wrapper\"><div class=\"wpb_row  row-fluid\" ><div class=\"wpb_column vc_column_container vc_col-sm-12\"><div class=\"vc_column-inner\"><div class=\"wpb_wrapper\">\n\t<div class=\"wpb_text_column wpb_content_element\" >\n\t\t<div class=\"wpb_wrapper\">\n\t\t\t<ol data-start=\"188\" data-end=\"786\">\n<li class=\"\" data-start=\"188\" data-end=\"457\">\n<h2 data-start=\"191\" data-end=\"224\"><span style=\"color: #ff9900;\"><strong data-start=\"191\" data-end=\"224\">Odaberite jezik i kategoriju:<\/strong><\/span><\/h2>\n<ul data-start=\"228\" data-end=\"457\">\n<li class=\"\" data-start=\"228\" data-end=\"266\">\n<h3 data-start=\"230\" data-end=\"266\">Supported languages: DE, EN, ES, FR.<\/h3>\n<\/li>\n<li class=\"\" data-start=\"270\" data-end=\"457\">\n<h3 data-start=\"272\" data-end=\"288\">Odaberite kategoriju:<\/h3>\n<ul data-start=\"294\" data-end=\"457\">\n<li class=\"\" data-start=\"294\" data-end=\"351\">\n<h3 data-start=\"296\" data-end=\"351\" class=\"translation-block\"><code data-start=\"296\" data-end=\"304\">Odrasli<\/code> \u2013 duboke, kontroverzne ili nemogu\u0107e izjave<\/h3>\n<\/li>\n<li class=\"\" data-start=\"357\" data-end=\"400\">\n<h3 data-start=\"359\" data-end=\"400\" class=\"translation-block\"><code data-start=\"359\" data-end=\"366\">Tinejd\u017eeri<\/code> \u2013 brzi, smije\u0161ni, razigrani izazovi<\/h3>\n<\/li>\n<li class=\"\" data-start=\"406\" data-end=\"457\">\n<h3 data-start=\"408\" data-end=\"457\" class=\"translation-block\"><code data-start=\"408\" data-end=\"418\">Mala djeca<\/code> \u2013 jednostavne, \u0161arene, ma\u0161tovite teme<\/h3>\n<\/li>\n<\/ul>\n<\/li>\n<\/ul>\n<\/li>\n<li class=\"\" data-start=\"459\" data-end=\"568\">\n<h2 data-start=\"462\" data-end=\"478\"><span style=\"color: #ff9900;\"><strong data-start=\"462\" data-end=\"478\">Dodaj igra\u010de:<\/strong><\/span><\/h2>\n<ul data-start=\"482\" data-end=\"568\">\n<li class=\"\" data-start=\"482\" data-end=\"510\">\n<h3 data-start=\"484\" data-end=\"510\">Unesite imena (2\u20138 igra\u010da).<\/h3>\n<\/li>\n<li class=\"\" data-start=\"514\" data-end=\"568\">\n<h3 data-start=\"516\" data-end=\"568\">Sustav prati i pohranjuje rezultate za svakog igra\u010da.<\/h3>\n<\/li>\n<\/ul>\n<\/li>\n<li class=\"\" data-start=\"570\" data-end=\"786\">\n<h2 data-start=\"573\" data-end=\"594\"><span style=\"color: #ff9900;\"><strong data-start=\"573\" data-end=\"594\">Odaberite na\u010din igre:<\/strong><\/span><\/h2>\n<ul data-start=\"598\" data-end=\"786\">\n<li class=\"\" data-start=\"598\" data-end=\"659\">\n<h3 data-start=\"600\" data-end=\"659\" class=\"translation-block\"><strong data-start=\"600\" data-end=\"612\">AI na\u010din rada:<\/strong> Nepodmitljiva umjetna inteligencija odlu\u010duje o pobjedniku debate.<\/h3>\n<\/li>\n<li class=\"\" data-start=\"663\" data-end=\"719\">\n<h3 data-start=\"665\" data-end=\"719\" class=\"translation-block\"><strong data-start=\"665\" data-end=\"679\">Na\u010din glasanja:<\/strong> Svi igra\u010di glasaju za najbolji argument.<\/h3>\n<\/li>\n<li class=\"\" data-start=\"723\" data-end=\"786\">\n<h3 data-start=\"725\" data-end=\"786\" class=\"translation-block\"><strong data-start=\"725\" data-end=\"743\">Na\u010din rada za malu djecu:<\/strong> Bez mjera\u010da vremena ili umjetne inteligencije \u2013 jednostavan tijek s glasanjem.<\/h3>\n<\/li>\n<\/ul>\n<\/li>\n<\/ol>\n<hr class=\"\" data-start=\"788\" data-end=\"791\" \/>\n<h1>\ud83e\udde0 <span style=\"color: #ff9900;\"><strong data-start=\"800\" data-end=\"825\">Pravila prema verziji igre<\/strong><\/span><\/h1>\n<h2 data-start=\"827\" data-end=\"849\"><span style=\"color: #ff9900;\">1. <strong data-start=\"835\" data-end=\"849\">AI verzija<\/strong><\/span><\/h2>\n<ul data-start=\"850\" data-end=\"1544\">\n<li class=\"\" data-start=\"850\" data-end=\"1239\">\n<h3 data-start=\"852\" data-end=\"869\"><strong data-start=\"852\" data-end=\"869\">Koji su elementi:<\/strong><\/h3>\n<ol data-start=\"872\" data-end=\"1239\">\n<li class=\"\" data-start=\"872\" data-end=\"920\">\n<h3 data-start=\"875\" data-end=\"920\">Igra\u010d dobiva smjelu ili lukavu izjavu.<\/h3>\n<\/li>\n<li class=\"\" data-start=\"923\" data-end=\"955\">\n<h3 data-start=\"926\" data-end=\"955\" class=\"translation-block\">Dobiva <strong data-start=\"931\" data-end=\"945\">15 sekundi<\/strong> za razmi\u0161ljanje.<\/h3>\n<\/li>\n<li class=\"\" data-start=\"958\" data-end=\"1010\">\n<h3 data-start=\"961\" data-end=\"1010\" class=\"translation-block\">Zatim ima <strong data-start=\"970\" data-end=\"984\">30 sekundi<\/strong> za snimanje svog odgovora.<\/h3>\n<\/li>\n<li class=\"\" data-start=\"1013\" data-end=\"1079\">\n<h3 data-start=\"1016\" data-end=\"1079\">Protivnik u debati bira se nasumi\u010dno (s uravnote\u017eenom u\u010destalo\u0161\u0107u).<\/h3>\n<\/li>\n<li class=\"\" data-start=\"1082\" data-end=\"1132\">\n<h3 data-start=\"1085\" data-end=\"1132\">Protivnik tako\u0111er bilje\u017ei odgovor od 30 sekundi.<\/h3>\n<\/li>\n<li class=\"\" data-start=\"1135\" data-end=\"1239\">\n<h3 data-start=\"1138\" data-end=\"1170\">AI procjenjuje argumente i:<\/h3>\n<ul data-start=\"1176\" data-end=\"1239\">\n<li class=\"\" data-start=\"1176\" data-end=\"1194\">\n<h3 data-start=\"1178\" data-end=\"1194\">Odabire pobjednika<\/h3>\n<\/li>\n<li class=\"\" data-start=\"1200\" data-end=\"1217\">\n<h3 data-start=\"1202\" data-end=\"1217\">Obrazlo\u017ei odluku<\/h3>\n<\/li>\n<li class=\"\" data-start=\"1223\" data-end=\"1239\">\n<h3 data-start=\"1225\" data-end=\"1239\">Dodijeljuje bod protivniku<\/h3>\n<\/li>\n<\/ul>\n<\/li>\n<\/ol>\n<\/li>\n<li class=\"\" data-start=\"1241\" data-end=\"1544\">\n<h2 data-start=\"1243\" data-end=\"1257\"><span style=\"color: #ff9900;\"><strong data-start=\"1243\" data-end=\"1257\">VA\u017dNO:<\/strong><\/span><\/h2>\n<ul data-start=\"1260\" data-end=\"1544\">\n<li class=\"\" data-start=\"1260\" data-end=\"1544\">\n<h3 data-start=\"1262\" data-end=\"1295\">\ud83c\udfa4 <strong data-start=\"1265\" data-end=\"1295\">Po\u010dnite govoriti ODMAH!<\/strong><\/h3>\n<ul data-start=\"1300\" data-end=\"1544\">\n<li class=\"\" data-start=\"1300\" data-end=\"1333\">\n<h3 data-start=\"1302\" data-end=\"1333\">Transkript va\u0161eg govora zapo\u010dinje odmah<\/h3>\n<\/li>\n<li class=\"\" data-start=\"1338\" data-end=\"1397\">\n<h3 data-start=\"1340\" data-end=\"1397\" class=\"translation-block\">Umjetna inteligencija procjenjuje <strong data-start=\"1353\" data-end=\"1396\">pouzdanost, jasno\u0107u i brzinu odgovora<\/strong>.<\/h3>\n<\/li>\n<li class=\"\" data-start=\"1402\" data-end=\"1485\">\n<h3 data-start=\"1404\" data-end=\"1485\" class=\"translation-block\"><strong data-start=\"1404\" data-end=\"1438\">Ka\u0161njenja ili ti\u0161ina na po\u010detku<\/strong> mogu dovesti do prijevremenog prekida ili ni\u017eih rezultata.<\/h3>\n<\/li>\n<li class=\"\" data-start=\"1490\" data-end=\"1544\">\n<h3 data-start=\"1492\" data-end=\"1544\">Po\u010dnite govoriti odmah kada snimanje po\u010dne!<\/h3>\n<\/li>\n<\/ul>\n<\/li>\n<\/ul>\n<\/li>\n<\/ul>\n<h2 data-start=\"1546\" data-end=\"1578\"><span style=\"color: #ff9900;\">2. <strong data-start=\"1554\" data-end=\"1578\">Verzija s glasovanjem igra\u010da (bez AI)<\/strong><\/span><\/h2>\n<ul data-start=\"1579\" data-end=\"1876\">\n<li class=\"\" data-start=\"1579\" data-end=\"1876\">\n<h3 data-start=\"1581\" data-end=\"1598\"><span style=\"color: #ff9900;\"><strong data-start=\"1581\" data-end=\"1598\">Koji su elementi:<\/strong><\/span><\/h3>\n<ol data-start=\"1601\" data-end=\"1876\">\n<li class=\"\" data-start=\"1601\" data-end=\"1655\">\n<h3 data-start=\"1604\" data-end=\"1655\">Prvi igra\u010d argumentira zadanu tvrdnju (bez snimanja)<\/h3>\n<\/li>\n<li class=\"\" data-start=\"1658\" data-end=\"1711\">\n<h3 data-start=\"1661\" data-end=\"1711\">Drugi igra\u010d (protivnik) izla\u017ee svoj argument.<\/h3>\n<\/li>\n<li class=\"\" data-start=\"1714\" data-end=\"1782\">\n<h3 data-start=\"1717\" data-end=\"1782\">Svi igra\u010di (uklju\u010duju\u0107i i dva govornika) glasaju za to tko je bio bolji.<\/h3>\n<\/li>\n<li class=\"\" data-start=\"1785\" data-end=\"1876\">\n<h3 data-start=\"1788\" data-end=\"1829\">Igra\u010d s vi\u0161e glasova osvaja bod.<\/h3>\n<ul data-start=\"1835\" data-end=\"1876\">\n<li class=\"\" data-start=\"1835\" data-end=\"1876\">\n<h3 data-start=\"1837\" data-end=\"1876\">U slu\u010daju nerije\u0161enog rezultata, oboje dobivaju bod.<\/h3>\n<\/li>\n<\/ul>\n<\/li>\n<\/ol>\n<\/li>\n<\/ul>\n<h2 data-start=\"1878\" data-end=\"1906\"><span style=\"color: #ff9900;\">3. <strong data-start=\"1886\" data-end=\"1906\">Verzija za malu djecu<\/strong><\/span><\/h2>\n<ul data-start=\"1907\" data-end=\"2232\">\n<li class=\"\" data-start=\"1907\" data-end=\"2100\">\n<h3 data-start=\"1909\" data-end=\"1926\"><strong data-start=\"1909\" data-end=\"1926\">Koji su elementi:<\/strong><\/h3>\n<ol data-start=\"1929\" data-end=\"2100\">\n<li class=\"\" data-start=\"1929\" data-end=\"1987\">\n<h3 data-start=\"1932\" data-end=\"1987\">Prikazuje se izjava i prvi igra\u010d.<\/h3>\n<\/li>\n<li class=\"\" data-start=\"1990\" data-end=\"2049\">\n<h3 data-start=\"1993\" data-end=\"2049\">Nakon klika na \"Nastavi\", prikazuje se protivnik u debati.<\/h3>\n<\/li>\n<li class=\"\" data-start=\"2052\" data-end=\"2100\">\n<h3 data-start=\"2055\" data-end=\"2100\">Nakon jo\u0161 jednog klika, zapo\u010dinje faza glasanja.<\/h3>\n<\/li>\n<\/ol>\n<\/li>\n<li class=\"\" data-start=\"2101\" data-end=\"2145\">\n<h3 data-start=\"2103\" data-end=\"2145\"><strong data-start=\"2103\" data-end=\"2145\">Nema timera, nema umjetne inteligencije, nema audio snimaka.<\/strong><\/h3>\n<\/li>\n<li class=\"\" data-start=\"2146\" data-end=\"2232\">\n<h3 data-start=\"2148\" data-end=\"2232\">Osmi\u0161ljeno za djecu \u2013 poti\u010de verbalno izra\u017eavanje uz pomo\u0107 odraslih, a zatim igra\u010di glasaju.<\/h3>\n<\/li>\n<\/ul>\n<hr class=\"\" data-start=\"2234\" data-end=\"2237\" \/>\n<h2 data-start=\"2239\" data-end=\"2273\">\ud83c\udfc6 <span style=\"color: #ff9900;\"><strong data-start=\"2246\" data-end=\"2273\">Bodovanje i ljestvica najboljih<\/strong><\/span><\/h2>\n<ul data-start=\"2274\" data-end=\"2475\">\n<li class=\"\" data-start=\"2274\" data-end=\"2475\">\n<h3 data-start=\"2276\" data-end=\"2293\">Nakon svakog kruga:<\/h3>\n<ul data-start=\"2296\" data-end=\"2475\">\n<li class=\"\" data-start=\"2296\" data-end=\"2335\">\n<h3 data-start=\"2298\" data-end=\"2335\">Glasovi umjetne inteligencije ili igra\u010da odlu\u010duju o pobjedniku.<\/h3>\n<\/li>\n<li class=\"\" data-start=\"2338\" data-end=\"2371\">\n<h3 data-start=\"2340\" data-end=\"2371\">Bodovi se dodjeljuju u skladu s tim.<\/h3>\n<\/li>\n<li class=\"\" data-start=\"2374\" data-end=\"2417\">\n<h3 data-start=\"2376\" data-end=\"2417\" class=\"translation-block\"><strong data-start=\"2378\" data-end=\"2395\">Tablica rangiranja<\/strong> je a\u017eurirana i prikazana.<\/h3>\n<\/li>\n<li class=\"\" data-start=\"2420\" data-end=\"2475\">\n<h3 data-start=\"2422\" data-end=\"2475\">Rezultati ostaju sa\u010duvani osim ako se igra ru\u010dno ne osvje\u017ei.<\/h3>\n<\/li>\n<\/ul>\n<\/li>\n<\/ul>\n<hr class=\"\" data-start=\"2477\" data-end=\"2480\" \/>\n<h2 data-start=\"2482\" data-end=\"2508\">\u2699\ufe0f <span style=\"color: #ff9900;\"><strong data-start=\"2489\" data-end=\"2508\">Tehni\u010dke napomene<\/strong><\/span><\/h2>\n<ul data-start=\"2509\" data-end=\"2765\">\n<li class=\"\" data-start=\"2509\" data-end=\"2615\">\n<h3 data-start=\"2511\" data-end=\"2545\">Kada su sva pitanja iskori\u0161tena:<br \/>\n<span style=\"color: #ffffff; font-size: 1rem;\">Sustav automatski resetira popis pitanja i broja\u010d redova.<\/span><\/h3>\n<\/li>\n<li class=\"\" data-start=\"2616\" data-end=\"2705\">\n<h3 data-start=\"2618\" data-end=\"2647\">If no microphone is detected<br \/>\n<span style=\"color: #ffffff; font-size: 1rem;\">Igra se automatski prebacuje na verziju bez umjetne inteligencije.<\/span><\/h3>\n<\/li>\n<li class=\"\" data-start=\"2706\" data-end=\"2765\">\n<h3 data-start=\"2708\" data-end=\"2765\" class=\"translation-block\">AI na\u010din rada koristi <strong data-start=\"2721\" data-end=\"2746\">Google Web Speech API<\/strong> za pretvaranje glasa u tekst.<\/h3>\n<\/li>\n<\/ul>\n<hr class=\"\" data-start=\"2767\" data-end=\"2770\" \/>\n<h2 data-start=\"2772\" data-end=\"2809\">\ud83d\udca1<span style=\"color: #ff9900;\"> <strong data-start=\"2779\" data-end=\"2809\">Savjeti za igra\u010de (AI na\u010din rada)<\/strong><\/span><\/h2>\n<h2 data-start=\"2813\" data-end=\"2894\" class=\"translation-block\"><span style=\"color: #ff9900\">\u201eBudi brz. Budi hrabar. Budi uvjerljivo smije\u0161an \u2013<\/span><br data-start=\"2861\" data-end=\"2864\"><span style=\"color: #ff9900\">Umjetna inteligencija ne voli oklijevanje.\u201c<\/span><\/h2>\n<ul data-start=\"2896\" data-end=\"3106\">\n<li class=\"\" data-start=\"2896\" data-end=\"2955\">\n<h3 data-start=\"2898\" data-end=\"2955\" class=\"translation-block\">\u010cim se za\u010duje <strong data-start=\"2913\" data-end=\"2928\">po\u010detni zvuk<\/strong>, <strong data-start=\"2936\" data-end=\"2954\">po\u010dnite govoriti<\/strong>.<\/h3>\n<\/li>\n<li class=\"\" data-start=\"2956\" data-end=\"3046\">\n<h3 data-start=\"2958\" data-end=\"3046\" class=\"translation-block\">Nemojte pauzirati, zamuckivati \u200b\u200bili \u010dekati inspiraciju \u2013 umjetna inteligencija \u0107e <strong data-start=\"3018\" data-end=\"3045\">primijetiti va\u0161u nesigurnost<\/strong>.<\/h3>\n<\/li>\n<li class=\"\" data-start=\"3047\" data-end=\"3106\">\n<h3 data-start=\"3049\" data-end=\"3106\">Prve sekunde su klju\u010dne za samouvjeren dojam.<\/h3>\n<\/li>\n<\/ul>\n\n\t\t<\/div>\n\t<\/div>\n<\/div><\/div><\/div><\/div><\/section>","protected":false},"excerpt":{"rendered":"Select language and category: Supported languages: DE, EN, ES, FR. Choose category: Adults \u2013 deep, controversial or impossible statements Teens \u2013 fast, funny, playful challenges Toddlers \u2013 simple, colorful, imaginative topics Add players: Enter names (2\u20138 players). The system tracks and stores scores for each player. Select game mode: AI Mode: An incorruptible AI decides the debate winner. Vote Mode: All players vote for the best argument. Toddlers Mode: No timers or AI \u2013 simple flow with voting. \ud83e\udde0 Rules by Game Version 1. AI Version How it works: A player receives a bold or tricky statement. Gets 15 seconds to think. Then has 30 seconds to record their response. A debate opponent is chosen randomly (with balanced frequency). The opponent also records a 30-second response. AI evaluates both arguments and: Chooses a winner Gives a comment Awards a point IMPORTANT: \ud83c\udfa4 Start talking immediately! Recording starts automatically. AI evaluates confidence, clarity, and quick response. Delays or silence at the start may lead to early termination or lower scores. Start speaking right away when the recording begins! 2. Vote Version (no AI) How it works: First player argues the given statement (recorded). A second player (opponent) records their argument. All players (including the two speakers) vote for who was better. The player with more votes earns a point. In case of a tie, both receive a point. 3. Toddlers Version How it works: A statement is shown and the first player is displayed. After clicking \u201cContinue,\u201d the debate opponent is [...]","protected":false},"author":1,"featured_media":0,"parent":0,"menu_order":0,"comment_status":"closed","ping_status":"closed","template":"","meta":{"_monsterinsights_skip_tracking":false,"_monsterinsights_sitenote_active":false,"_monsterinsights_sitenote_note":"","_monsterinsights_sitenote_category":0,"footnotes":""},"class_list":["post-44","page","type-page","status-publish","hentry"],"_links":{"self":[{"href":"http:\/\/debattle.ai\/hr\/wp-json\/wp\/v2\/pages\/44","targetHints":{"allow":["GET"]}}],"collection":[{"href":"http:\/\/debattle.ai\/hr\/wp-json\/wp\/v2\/pages"}],"about":[{"href":"http:\/\/debattle.ai\/hr\/wp-json\/wp\/v2\/types\/page"}],"author":[{"embeddable":true,"href":"http:\/\/debattle.ai\/hr\/wp-json\/wp\/v2\/users\/1"}],"replies":[{"embeddable":true,"href":"http:\/\/debattle.ai\/hr\/wp-json\/wp\/v2\/comments?post=44"}],"version-history":[{"count":9,"href":"http:\/\/debattle.ai\/hr\/wp-json\/wp\/v2\/pages\/44\/revisions"}],"predecessor-version":[{"id":100,"href":"http:\/\/debattle.ai\/hr\/wp-json\/wp\/v2\/pages\/44\/revisions\/100"}],"wp:attachment":[{"href":"http:\/\/debattle.ai\/hr\/wp-json\/wp\/v2\/media?parent=44"}],"curies":[{"name":"wp","href":"https:\/\/api.w.org\/{rel}","templated":true}]}}